{"id":642,"date":"2020-07-21T14:53:52","date_gmt":"2020-07-21T12:53:52","guid":{"rendered":"https:\/\/www.hydra-music.at\/?page_id=642"},"modified":"2020-07-22T17:49:06","modified_gmt":"2020-07-22T15:49:06","slug":"hochzeitssaengerin","status":"publish","type":"page","link":"https:\/\/www.hydra-music.at\/?page_id=642","title":{"rendered":"Hochzeitss\u00e4ngerin"},"content":{"rendered":"<p><span style=\"color: #999999;\"><strong><img loading=\"lazy\" decoding=\"async\" class=\"alignleft wp-image-367 size-full\" src=\"https:\/\/www.hydra-music.at\/wp-content\/uploads\/2019\/05\/ir-schw-w-1-250x250.jpg\" alt=\"Irene Krammer-Fischer\" width=\"250\" height=\"250\" srcset=\"https:\/\/www.hydra-music.at\/wp-content\/uploads\/2019\/05\/ir-schw-w-1-250x250.jpg 250w, https:\/\/www.hydra-music.at\/wp-content\/uploads\/2019\/05\/ir-schw-w-1-250x250-150x150.jpg 150w\" sizes=\"auto, (max-width: 250px) 100vw, 250px\" \/><span style=\"color: #ffffff;\">Ihr habt bei der Planung nicht ber\u00fccksichtigt, dass:<\/span><\/strong><\/span><\/p>\n<p>&nbsp;<\/p>\n<p><span style=\"color: #ffffff;\">. \u00a0eine Band mehr Platz braucht, als ihr habt,<\/span><\/p>\n<p>&nbsp;<\/p>\n<p><span style=\"color: #ffffff;\">. euer Budget einfach zu knapp bemessen ist f\u00fcr eine Band,<\/span><\/p>\n<p>&nbsp;<\/p>\n<p><span style=\"color: #ffffff;\">. euch f\u00fcr eure Trauung und\/oder eure Agape eine S\u00e4ngerin reicht??<\/span><\/p>\n<p>&nbsp;<\/p>\n<p><span style=\"color: #ffffff;\"><strong>Kein Problem: Ich bin auch als SOLISTIN buchbar<\/strong><strong>.<\/strong><\/span><\/p>\n<p>&nbsp;<\/p>\n<p><span style=\"color: #ffffff;\">. F\u00fcr die <strong>TRAUUNG<\/strong> stellen wir gemeinsam ein an euren W\u00fcnschen orientiertes Programm zusammen.<\/span><\/p>\n<p><span style=\"color: #ffffff;\">. Eure <strong>AGAPE<\/strong> begleite ich mit passender Hintergrundmusik, auf Wunsch live oder \u00fcber mein DJ-Programm.<\/span><\/p>\n<p><span style=\"color: #ffffff;\">. F\u00fcr den <strong>ABEND<\/strong> k\u00f6nnt ihr euch die Musik als eine Mischung aus meiner Liveperformance und<\/span><\/p>\n<p><span style=\"color: #ffffff;\">eingespielten Songs \u00fcber mein DJ- Programm vorstellen.<\/span><\/p>\n<p><span style=\"color: #ffffff;\"><strong>Ihr seid Fans von Duetten??<\/strong><\/span><\/p>\n<p><span style=\"color: #ffffff;\">Auch als Solistin gebucht \u00fcberhaupt kein Problem, die M\u00e4nnerstimme wird einfach digital zugespielt, die Frauenstimme nat\u00fcrlich live von mir gesungen,- auch darauf m\u00fcsst ihr nicht verzichten!!<\/span><\/p>\n<p><span style=\"color: #ffffff;\"><strong>Ihr und eure G\u00e4ste habt viele, auch ausgefallene Musikw\u00fcnsche??<\/strong><\/span><\/p>\n<p><span style=\"color: #ffffff;\">Gerne, wenn ich das Lied im Programm habe, singe ich es nat\u00fcrlich live, wenn nicht, wird es ebenfalls \u00fcber mein DJ- Programm eingespielt. So muss niemand auf sein <strong>Wunschlied<\/strong> verzichten!!<\/span><\/p>\n<p><span style=\"color: #ffffff;\"><strong>Ebenfalls verantwortlich bin ich <\/strong><\/span><\/p>\n<p><span style=\"color: #ffffff;\">. f\u00fcr die Moderation,<\/span><\/p>\n<p><span style=\"color: #ffffff;\">. das F\u00fchren durch den Abend,<\/span><\/p>\n<p><span style=\"color: #ffffff;\">. die Moderation von Spielen, wenn ihr das w\u00fcnscht,<\/span><\/p>\n<p><span style=\"color: #ffffff;\">. nat\u00fcrlich vor allem f\u00fcr <strong>GANZ VIEL RICHTIG GUTE MUSIK!!!<\/strong><\/span><\/p>\n<p><span style=\"color: #ffffff;\"><strong>Details zu meinem Angebot f\u00fcr Trauung, Agape und Feier am Abend findet ihr auf meiner Website: <\/strong><span style=\"color: #ff00ff;\"><a style=\"color: #ff00ff;\" href=\"http:\/\/www.hochzeitssaengerin-irene.at\"><strong>www.hochzeitssaengerin-irene.at<\/strong><\/a><\/span><\/span><\/p>\n","protected":false},"excerpt":{"rendered":"Ihr habt bei der Planung nicht ber\u00fccksichtigt, dass: &nbsp; . \u00a0eine Band mehr Platz braucht, als ihr habt, &nbsp; . euer Budget einfach zu knapp bemessen ist f\u00fcr eine Band, &nbsp; . euch f\u00fcr eure Trauung und\/oder eure Agape eine S\u00e4ngerin reicht?? &nbsp; Kein Problem: Ich bin auch als SOLISTIN buchbar. &nbsp; . F\u00fcr die TRAUUNG stellen wir gemeinsam ein&nbsp;<a href=\"https:\/\/www.hydra-music.at\/?page_id=642\" class=\"read-more\">Weiter lesen<\/a>","protected":false},"author":1,"featured_media":0,"parent":0,"menu_order":5,"comment_status":"closed","ping_status":"closed","template":"page-fullwidth.php","meta":{"footnotes":""},"class_list":["post-642","page","type-page","status-publish","hentry"],"_links":{"self":[{"href":"https:\/\/www.hydra-music.at\/index.php?rest_route=\/wp\/v2\/pages\/642","targetHints":{"allow":["GET"]}}],"collection":[{"href":"https:\/\/www.hydra-music.at\/index.php?rest_route=\/wp\/v2\/pages"}],"about":[{"href":"https:\/\/www.hydra-music.at\/index.php?rest_route=\/wp\/v2\/types\/page"}],"author":[{"embeddable":true,"href":"https:\/\/www.hydra-music.at\/index.php?rest_route=\/wp\/v2\/users\/1"}],"replies":[{"embeddable":true,"href":"https:\/\/www.hydra-music.at\/index.php?rest_route=%2Fwp%2Fv2%2Fcomments&post=642"}],"version-history":[{"count":15,"href":"https:\/\/www.hydra-music.at\/index.php?rest_route=\/wp\/v2\/pages\/642\/revisions"}],"predecessor-version":[{"id":741,"href":"https:\/\/www.hydra-music.at\/index.php?rest_route=\/wp\/v2\/pages\/642\/revisions\/741"}],"wp:attachment":[{"href":"https:\/\/www.hydra-music.at\/index.php?rest_route=%2Fwp%2Fv2%2Fmedia&parent=642"}],"curies":[{"name":"wp","href":"https:\/\/api.w.org\/{rel}","templated":true}]}}